{"id":743,"date":"2023-02-23T19:52:50","date_gmt":"2023-02-23T19:52:50","guid":{"rendered":"https:\/\/www.gy-solutions.com\/?post_type=product&#038;p=743"},"modified":"2023-06-22T18:53:47","modified_gmt":"2023-06-22T18:53:47","slug":"s-4-hana-mm-consultant","status":"publish","type":"product","link":"https:\/\/www.gy-solutions.com\/en\/job\/s-4-hana-mm-consultant\/","title":{"rendered":"S\/4 Hana MM Consultant EN"},"content":{"rendered":"<h2 id=\"jobDescriptionTitle\" class=\"jobsearch-JobDescriptionSection-jobDescriptionTitle icl-u-xs-my--md\">Description compl\u00e8te du poste<\/h2>\n<p id=\"tw-target-text\" class=\"tw-data-text tw-text-large tw-ta\" dir=\"ltr\" data-placeholder=\"Traduction\"><span class=\"Y2IQFc\" lang=\"fr\">Nous recherchons un consultant senior S\/4 Hana MM exp\u00e9riment\u00e9 pour diriger tous les processus MM pour notre client. Le consultant sera responsable d&#8217;assurer la mise en \u0153uvre efficace de toutes les strat\u00e9gies conform\u00e9ment au plan et d&#8217;atteindre les objectifs du client. Ils travailleront avec l&#8217;\u00e9quipe du client pour comprendre leurs processus et leurs exigences fonctionnelles et seront responsables de la solution. Le consultant doit avoir des comp\u00e9tences en estimation et contr\u00f4le de projet pour d\u00e9finir et convenir des livrables et des jalons, et pour d\u00e9finir et contr\u00f4ler le p\u00e9rim\u00e8tre fonctionnel.<\/span><\/p>\n<h2 id=\"tw-target-text\" class=\"tw-data-text tw-text-large tw-ta\" dir=\"ltr\" data-placeholder=\"Traduction\"><span class=\"Y2IQFc\" lang=\"fr\">Responsabilit\u00e9s<\/span><\/h2>\n<ul>\n<li id=\"tw-target-text\" class=\"tw-data-text tw-text-large tw-ta\" dir=\"ltr\" data-placeholder=\"Traduction\"><span class=\"Y2IQFc\" lang=\"fr\">Faciliter la mise en \u0153uvre et le support des modules SAP Material management pour am\u00e9liorer les fonctionnalit\u00e9s et les performances de l&#8217;entreprise <\/span><\/li>\n<li class=\"tw-data-text tw-text-large tw-ta\" dir=\"ltr\" data-placeholder=\"Traduction\"><span class=\"Y2IQFc\" lang=\"fr\">Concevoir, configurer et tester des modules MM, avec une exp\u00e9rience pratique des modules SD\/MM\/PP (un atout) <\/span><\/li>\n<li class=\"tw-data-text tw-text-large tw-ta\" dir=\"ltr\" data-placeholder=\"Traduction\"><span class=\"Y2IQFc\" lang=\"fr\">Organiser des ateliers pour recueillir les exigences de l&#8217;entreprise et les traduire en exigences syst\u00e8me, avec la capacit\u00e9 d&#8217;identifier les lacunes, les probl\u00e8mes et les solutions de contournement <\/span><\/li>\n<li class=\"tw-data-text tw-text-large tw-ta\" dir=\"ltr\" data-placeholder=\"Traduction\"><span class=\"Y2IQFc\" lang=\"fr\">Assurer la gestion technique des solutions d&#8217;int\u00e9gration de bout en bout entre SAP et d&#8217;autres syst\u00e8mes SAP\/non-SAP Conception, assistance, documentation et formation techniques et fonctionnelles de premier plan pour plusieurs syst\u00e8mes int\u00e9gr\u00e9s via SAP <\/span><\/li>\n<li class=\"tw-data-text tw-text-large tw-ta\" dir=\"ltr\" data-placeholder=\"Traduction\"><span class=\"Y2IQFc\" lang=\"fr\">Collaborer avec l&#8217;\u00e9quipe d&#8217;assurance qualit\u00e9 pour fournir des informations et \u00e9valuer l&#8217;exhaustivit\u00e9 et l&#8217;ad\u00e9quation des plans d&#8217;assurance qualit\u00e9 Suivre les processus de d\u00e9veloppement, les normes et les directives pour le d\u00e9veloppement d&#8217;applications <\/span><\/li>\n<li class=\"tw-data-text tw-text-large tw-ta\" dir=\"ltr\" data-placeholder=\"Traduction\"><span class=\"Y2IQFc\" lang=\"fr\">Travailler avec des \u00e9quipes \u00e0 distance<\/span><\/li>\n<\/ul>\n<h2 id=\"tw-target-text\" class=\"tw-data-text tw-text-large tw-ta\" dir=\"ltr\" data-placeholder=\"Traduction\"><span class=\"Y2IQFc\" lang=\"fr\">Requis<\/span><\/h2>\n<ul>\n<li class=\"tw-data-text tw-text-large tw-ta\" dir=\"ltr\" data-placeholder=\"Traduction\">Une exp\u00e9rience en formation client est un atout<\/li>\n<li class=\"tw-data-text tw-text-large tw-ta\" dir=\"ltr\" data-placeholder=\"Traduction\">Minimum de 5 ans d&#8217;exp\u00e9rience dans SAP\u00a0 (de pr\u00e9f\u00e9rence SAP MM, S4HANA MM)<\/li>\n<li class=\"tw-data-text tw-text-large tw-ta\" dir=\"ltr\" data-placeholder=\"Traduction\">Minimum de 2 impl\u00e9mentations SAP MM de bout en bout, y compris une exp\u00e9rience pratique de conception, de configuration et de test fonctionnel<\/li>\n<li class=\"tw-data-text tw-text-large tw-ta\" dir=\"ltr\" data-placeholder=\"Traduction\">Une formation universitaire en finance ou en comptabilit\u00e9 est un atout Exp\u00e9rience d&#8217;int\u00e9gration de SAP avec d&#8217;autres applications d&#8217;entreprise est un atout majeur<\/li>\n<li class=\"tw-data-text tw-text-large tw-ta\" dir=\"ltr\" data-placeholder=\"Traduction\">Connaissance des affaires et comp\u00e9tences en conception de processus<\/li>\n<li class=\"tw-data-text tw-text-large tw-ta\" dir=\"ltr\" data-placeholder=\"Traduction\">Exp\u00e9rience d\u00e9montr\u00e9e avec le processus de gestion des incidents de production<\/li>\n<li class=\"tw-data-text tw-text-large tw-ta\" dir=\"ltr\" data-placeholder=\"Traduction\">Comp\u00e9tences exemplaires en communication, en particulier dans la communication d&#8217;informations de projets complexes\/techniques \u00e0 un large public d&#8217;entreprises.<\/li>\n<\/ul>\n<h2 id=\"tw-target-text\" class=\"tw-data-text tw-text-large tw-ta\" dir=\"ltr\" data-placeholder=\"Traduction\"><span class=\"Y2IQFc\" lang=\"fr\">Exigences linguistiques flexibles\u00a0: <\/span><\/h2>\n<ul>\n<li class=\"tw-data-text tw-text-large tw-ta\" dir=\"ltr\" data-placeholder=\"Traduction\"><span class=\"Y2IQFc\" lang=\"fr\">Anglais requis<\/span><\/li>\n<li class=\"tw-data-text tw-text-large tw-ta\" dir=\"ltr\" data-placeholder=\"Traduction\">Fran\u00e7ais requis<\/li>\n<\/ul>\n<h2 class=\"tw-data-text tw-text-large tw-ta\" dir=\"ltr\" data-placeholder=\"Traduction\"><\/h2>\n","protected":false},"excerpt":{"rendered":"<p><span class=\"Y2IQFc\" lang=\"fr\">Nous recherchons un consultant senior SAP MM exp\u00e9riment\u00e9 pour diriger tous les processus MM pour notre client. <\/span><\/p>\n","protected":false},"featured_media":0,"template":"","meta":[],"product_brand":[],"product_cat":[21],"product_tag":[],"class_list":{"0":"post-743","1":"product","2":"type-product","3":"status-publish","5":"product_cat-non-classe","7":"first","8":"instock","9":"shipping-taxable","10":"product-type-simple"},"yoast_head":"<!-- This site is optimized with the Yoast SEO plugin v27.5 - https:\/\/yoast.com\/product\/yoast-seo-wordpress\/ -->\n<title>S\/4 Hana MM Consultant EN | GY Solutions<\/title>\n<meta name=\"robots\" content=\"index, follow, max-snippet:-1, max-image-preview:large, max-video-preview:-1\" \/>\n<link rel=\"canonical\" href=\"https:\/\/www.gy-solutions.com\/en\/job\/s-4-hana-mm-consultant\/\" \/>\n<meta property=\"og:locale\" content=\"en_US\" \/>\n<meta property=\"og:type\" content=\"article\" \/>\n<meta property=\"og:title\" content=\"S\/4 Hana MM Consultant EN | GY Solutions\" \/>\n<meta property=\"og:description\" content=\"Nous recherchons un consultant senior SAP MM exp\u00e9riment\u00e9 pour diriger tous les processus MM pour notre client.\" \/>\n<meta property=\"og:url\" content=\"https:\/\/www.gy-solutions.com\/en\/job\/s-4-hana-mm-consultant\/\" \/>\n<meta property=\"og:site_name\" content=\"GY Solutions\" \/>\n<meta property=\"article:modified_time\" content=\"2023-06-22T18:53:47+00:00\" \/>\n<meta property=\"og:image\" content=\"https:\/\/www.gy-solutions.com\/wp-content\/uploads\/2024\/01\/gy-solutions.jpg\" \/>\n\t<meta property=\"og:image:width\" content=\"1158\" \/>\n\t<meta property=\"og:image:height\" content=\"673\" \/>\n\t<meta property=\"og:image:type\" content=\"image\/jpeg\" \/>\n<meta name=\"twitter:card\" content=\"summary_large_image\" \/>\n<meta name=\"twitter:label1\" content=\"Est. reading time\" \/>\n\t<meta name=\"twitter:data1\" content=\"2 minutes\" \/>\n<script type=\"application\/ld+json\" class=\"yoast-schema-graph\">{\"@context\":\"https:\\\/\\\/schema.org\",\"@graph\":[{\"@type\":\"WebPage\",\"@id\":\"https:\\\/\\\/www.gy-solutions.com\\\/en\\\/job\\\/s-4-hana-mm-consultant\\\/\",\"url\":\"https:\\\/\\\/www.gy-solutions.com\\\/en\\\/job\\\/s-4-hana-mm-consultant\\\/\",\"name\":\"S\\\/4 Hana MM Consultant EN | GY Solutions\",\"isPartOf\":{\"@id\":\"https:\\\/\\\/www.gy-solutions.com\\\/#website\"},\"datePublished\":\"2023-02-23T19:52:50+00:00\",\"dateModified\":\"2023-06-22T18:53:47+00:00\",\"breadcrumb\":{\"@id\":\"https:\\\/\\\/www.gy-solutions.com\\\/en\\\/job\\\/s-4-hana-mm-consultant\\\/#breadcrumb\"},\"inLanguage\":\"en-US\",\"potentialAction\":[{\"@type\":\"ReadAction\",\"target\":[\"https:\\\/\\\/www.gy-solutions.com\\\/en\\\/job\\\/s-4-hana-mm-consultant\\\/\"]}]},{\"@type\":\"BreadcrumbList\",\"@id\":\"https:\\\/\\\/www.gy-solutions.com\\\/en\\\/job\\\/s-4-hana-mm-consultant\\\/#breadcrumb\",\"itemListElement\":[{\"@type\":\"ListItem\",\"position\":1,\"name\":\"Accueil\",\"item\":\"https:\\\/\\\/www.gy-solutions.com\\\/en\\\/gy-solutions-en\\\/\"},{\"@type\":\"ListItem\",\"position\":2,\"name\":\"Boutique\",\"item\":\"https:\\\/\\\/www.gy-solutions.com\\\/en\\\/boutique\\\/\"},{\"@type\":\"ListItem\",\"position\":3,\"name\":\"S\\\/4 Hana MM Consultant EN\"}]},{\"@type\":\"WebSite\",\"@id\":\"https:\\\/\\\/www.gy-solutions.com\\\/#website\",\"url\":\"https:\\\/\\\/www.gy-solutions.com\\\/\",\"name\":\"Conseil SAP, Chasseurs de T\u00eates TI\",\"description\":\"\",\"publisher\":{\"@id\":\"https:\\\/\\\/www.gy-solutions.com\\\/#organization\"},\"alternateName\":\"GY Solutions\",\"potentialAction\":[{\"@type\":\"SearchAction\",\"target\":{\"@type\":\"EntryPoint\",\"urlTemplate\":\"https:\\\/\\\/www.gy-solutions.com\\\/?s={search_term_string}\"},\"query-input\":{\"@type\":\"PropertyValueSpecification\",\"valueRequired\":true,\"valueName\":\"search_term_string\"}}],\"inLanguage\":\"en-US\"},{\"@type\":\"Organization\",\"@id\":\"https:\\\/\\\/www.gy-solutions.com\\\/#organization\",\"name\":\"Conseil SAP, Chasseurs de T\u00eates TI\",\"url\":\"https:\\\/\\\/www.gy-solutions.com\\\/\",\"logo\":{\"@type\":\"ImageObject\",\"inLanguage\":\"en-US\",\"@id\":\"https:\\\/\\\/www.gy-solutions.com\\\/#\\\/schema\\\/logo\\\/image\\\/\",\"url\":\"https:\\\/\\\/www.gy-solutions.com\\\/wp-content\\\/uploads\\\/2024\\\/01\\\/gy-solutions.jpg\",\"contentUrl\":\"https:\\\/\\\/www.gy-solutions.com\\\/wp-content\\\/uploads\\\/2024\\\/01\\\/gy-solutions.jpg\",\"width\":1158,\"height\":673,\"caption\":\"Conseil SAP, Chasseurs de T\u00eates TI\"},\"image\":{\"@id\":\"https:\\\/\\\/www.gy-solutions.com\\\/#\\\/schema\\\/logo\\\/image\\\/\"},\"sameAs\":[\"https:\\\/\\\/www.linkedin.com\\\/company\\\/gy-solutions\"]}]}<\/script>\n<!-- \/ Yoast SEO plugin. -->","yoast_head_json":{"title":"S\/4 Hana MM Consultant EN | GY Solutions","robots":{"index":"index","follow":"follow","max-snippet":"max-snippet:-1","max-image-preview":"max-image-preview:large","max-video-preview":"max-video-preview:-1"},"canonical":"https:\/\/www.gy-solutions.com\/en\/job\/s-4-hana-mm-consultant\/","og_locale":"en_US","og_type":"article","og_title":"S\/4 Hana MM Consultant EN | GY Solutions","og_description":"Nous recherchons un consultant senior SAP MM exp\u00e9riment\u00e9 pour diriger tous les processus MM pour notre client.","og_url":"https:\/\/www.gy-solutions.com\/en\/job\/s-4-hana-mm-consultant\/","og_site_name":"GY Solutions","article_modified_time":"2023-06-22T18:53:47+00:00","og_image":[{"width":1158,"height":673,"url":"https:\/\/www.gy-solutions.com\/wp-content\/uploads\/2024\/01\/gy-solutions.jpg","type":"image\/jpeg"}],"twitter_card":"summary_large_image","twitter_misc":{"Est. reading time":"2 minutes"},"schema":{"@context":"https:\/\/schema.org","@graph":[{"@type":"WebPage","@id":"https:\/\/www.gy-solutions.com\/en\/job\/s-4-hana-mm-consultant\/","url":"https:\/\/www.gy-solutions.com\/en\/job\/s-4-hana-mm-consultant\/","name":"S\/4 Hana MM Consultant EN | GY Solutions","isPartOf":{"@id":"https:\/\/www.gy-solutions.com\/#website"},"datePublished":"2023-02-23T19:52:50+00:00","dateModified":"2023-06-22T18:53:47+00:00","breadcrumb":{"@id":"https:\/\/www.gy-solutions.com\/en\/job\/s-4-hana-mm-consultant\/#breadcrumb"},"inLanguage":"en-US","potentialAction":[{"@type":"ReadAction","target":["https:\/\/www.gy-solutions.com\/en\/job\/s-4-hana-mm-consultant\/"]}]},{"@type":"BreadcrumbList","@id":"https:\/\/www.gy-solutions.com\/en\/job\/s-4-hana-mm-consultant\/#breadcrumb","itemListElement":[{"@type":"ListItem","position":1,"name":"Accueil","item":"https:\/\/www.gy-solutions.com\/en\/gy-solutions-en\/"},{"@type":"ListItem","position":2,"name":"Boutique","item":"https:\/\/www.gy-solutions.com\/en\/boutique\/"},{"@type":"ListItem","position":3,"name":"S\/4 Hana MM Consultant EN"}]},{"@type":"WebSite","@id":"https:\/\/www.gy-solutions.com\/#website","url":"https:\/\/www.gy-solutions.com\/","name":"Conseil SAP, Chasseurs de T\u00eates TI","description":"","publisher":{"@id":"https:\/\/www.gy-solutions.com\/#organization"},"alternateName":"GY Solutions","potentialAction":[{"@type":"SearchAction","target":{"@type":"EntryPoint","urlTemplate":"https:\/\/www.gy-solutions.com\/?s={search_term_string}"},"query-input":{"@type":"PropertyValueSpecification","valueRequired":true,"valueName":"search_term_string"}}],"inLanguage":"en-US"},{"@type":"Organization","@id":"https:\/\/www.gy-solutions.com\/#organization","name":"Conseil SAP, Chasseurs de T\u00eates TI","url":"https:\/\/www.gy-solutions.com\/","logo":{"@type":"ImageObject","inLanguage":"en-US","@id":"https:\/\/www.gy-solutions.com\/#\/schema\/logo\/image\/","url":"https:\/\/www.gy-solutions.com\/wp-content\/uploads\/2024\/01\/gy-solutions.jpg","contentUrl":"https:\/\/www.gy-solutions.com\/wp-content\/uploads\/2024\/01\/gy-solutions.jpg","width":1158,"height":673,"caption":"Conseil SAP, Chasseurs de T\u00eates TI"},"image":{"@id":"https:\/\/www.gy-solutions.com\/#\/schema\/logo\/image\/"},"sameAs":["https:\/\/www.linkedin.com\/company\/gy-solutions"]}]}},"_links":{"self":[{"href":"https:\/\/www.gy-solutions.com\/en\/wp-json\/wp\/v2\/product\/743","targetHints":{"allow":["GET"]}}],"collection":[{"href":"https:\/\/www.gy-solutions.com\/en\/wp-json\/wp\/v2\/product"}],"about":[{"href":"https:\/\/www.gy-solutions.com\/en\/wp-json\/wp\/v2\/types\/product"}],"wp:attachment":[{"href":"https:\/\/www.gy-solutions.com\/en\/wp-json\/wp\/v2\/media?parent=743"}],"wp:term":[{"taxonomy":"product_brand","embeddable":true,"href":"https:\/\/www.gy-solutions.com\/en\/wp-json\/wp\/v2\/product_brand?post=743"},{"taxonomy":"product_cat","embeddable":true,"href":"https:\/\/www.gy-solutions.com\/en\/wp-json\/wp\/v2\/product_cat?post=743"},{"taxonomy":"product_tag","embeddable":true,"href":"https:\/\/www.gy-solutions.com\/en\/wp-json\/wp\/v2\/product_tag?post=743"}],"curies":[{"name":"wp","href":"https:\/\/api.w.org\/{rel}","templated":true}]}}