{"id":742,"date":"2023-02-23T19:55:32","date_gmt":"2023-02-23T19:55:32","guid":{"rendered":"https:\/\/www.gy-solutions.com\/?post_type=product&#038;p=742"},"modified":"2023-06-22T15:59:58","modified_gmt":"2023-06-22T15:59:58","slug":"developpeure-full-stack-en","status":"publish","type":"product","link":"https:\/\/www.gy-solutions.com\/en\/job\/developpeure-full-stack-en\/","title":{"rendered":"D\u00e9veloppeur(e) Full Stack EN"},"content":{"rendered":"<h2 id=\"jobDescriptionTitle\" class=\"jobsearch-JobDescriptionSection-jobDescriptionTitle icl-u-xs-my--md\">Description compl\u00e8te du poste<\/h2>\n<p>Notre client est \u00e0 la recherche D\u00e9veloppeur Full Stack pour se joindre \u00e0 notre \u00e9quipe de programmation, pour la livraison et l\u2019am\u00e9lioration continue d\u2019un ERP.<\/p>\n<p>Ce d\u00e9veloppeur aidera aussi \u00e0 am\u00e9liorer les produits de marketing web, les logiciels qui sont utilis\u00e9s pour le processus de vente et au sein d\u2019une organisation.<\/p>\n<ul>\n<li>35h \/ semaine<\/li>\n<li>T\u00e9l\u00e9travail ou hybride<\/li>\n<li>Un milieu de travail jeune et stimulant, qui priorise ses employ\u00e9s avant tout<\/li>\n<li>Travailler dans une entreprise en pleine expansion qui double de taille chaque ann\u00e9e<\/li>\n<li>La possibilit\u00e9 de participer \u00e0 l\u2019expansion fulgurante de l\u2019organisation.<\/li>\n<\/ul>\n<h2 id=\"tw-target-text\" class=\"tw-data-text tw-text-large tw-ta\" dir=\"ltr\" data-placeholder=\"Traduction\"><span class=\"Y2IQFc\" lang=\"fr\">Requis<\/span><\/h2>\n<ul>\n<li>Minimum 1 \u00e0 3 ans d\u2019exp\u00e9rience combin\u00e9 en d\u00e9veloppement front end et back end<\/li>\n<li>Dipl\u00f4me d&#8217;\u00e9tude universitaire<\/li>\n<li>Exp\u00e9rience avec Php (7-8) orient\u00e9 objet, Base de Donn\u00e9es SQL, HTML, CSS, Frame Work Laraval ou Symphony<\/li>\n<li>Fran\u00e7ais parl\u00e9 et \u00e9crit; avanc\u00e9<\/li>\n<li>Anglais parl\u00e9 et \u00e9crit; interm\u00e9diaire<\/li>\n<li>D\u00e9veloppement frontal d&#8217;une application<\/li>\n<li>D\u00e9velopper les fonctions utiles aux employ\u00e9s, \u00e0 la direction.<\/li>\n<li>Int\u00e9grer d&#8217;autres interfaces<\/li>\n<li>Faire la maintenance des fonctions d\u00e9velopp\u00e9es.<\/li>\n<li>M\u00e9thode Agile<\/li>\n<li>Participer aux\u00a0<i>brainstorms<\/i>, aux sprints d\u00e9mo et au\u00a0<i>touch base<\/i>\u00a0quotidien<\/li>\n<li>D\u00e9finir les besoins des utilisateurs internes<\/li>\n<li>Livrer des fonctions front-end compl\u00e8tes attribuer dans un sprint ou un kamban<\/li>\n<li>D\u00e9finir ses propres t\u00e2ches \u00e0 partir des histoires des utilisateurs distribu\u00e9es par le propri\u00e9taire de produit.<\/li>\n<li>Prendre des d\u00e9cisions qui refl\u00e8tent les valeurs agiles de l&#8217;entreprise<\/li>\n<\/ul>\n<h2 id=\"tw-target-text\" class=\"tw-data-text tw-text-large tw-ta\" dir=\"ltr\" data-placeholder=\"Traduction\"><span class=\"Y2IQFc\" lang=\"fr\">Exigences linguistiques flexibles\u00a0: <\/span><\/h2>\n<ul>\n<li class=\"tw-data-text tw-text-large tw-ta\" dir=\"ltr\" data-placeholder=\"Traduction\"><span class=\"Y2IQFc\" lang=\"fr\">Anglais\u00a0 non requis<\/span><\/li>\n<li class=\"tw-data-text tw-text-large tw-ta\" dir=\"ltr\" data-placeholder=\"Traduction\">Fran\u00e7ais requis<\/li>\n<\/ul>\n<h2>Formation:<\/h2>\n<ul>\n<li>Baccalaur\u00e9at (Souhait\u00e9)<\/li>\n<\/ul>\n","protected":false},"excerpt":{"rendered":"<p>Notre client est \u00e0 la recherche D\u00e9veloppeur Full Stack pour se joindre \u00e0 notre \u00e9quipe de programmation, pour la livraison et l\u2019am\u00e9lioration continue d\u2019un ERP.<\/p>\n","protected":false},"featured_media":0,"template":"","meta":[],"product_brand":[],"product_cat":[21],"product_tag":[],"class_list":{"0":"post-742","1":"product","2":"type-product","3":"status-publish","5":"product_cat-non-classe","7":"first","8":"instock","9":"shipping-taxable","10":"product-type-simple"},"yoast_head":"<!-- This site is optimized with the Yoast SEO plugin v27.5 - https:\/\/yoast.com\/product\/yoast-seo-wordpress\/ -->\n<title>D\u00e9veloppeur(e) Full Stack EN | GY Solutions<\/title>\n<meta name=\"robots\" content=\"index, follow, max-snippet:-1, max-image-preview:large, max-video-preview:-1\" \/>\n<link rel=\"canonical\" href=\"https:\/\/www.gy-solutions.com\/en\/job\/developpeure-full-stack-en\/\" \/>\n<meta property=\"og:locale\" content=\"en_US\" \/>\n<meta property=\"og:type\" content=\"article\" \/>\n<meta property=\"og:title\" content=\"D\u00e9veloppeur(e) Full Stack EN | GY Solutions\" \/>\n<meta property=\"og:description\" content=\"Notre client est \u00e0 la recherche D\u00e9veloppeur Full Stack pour se joindre \u00e0 notre \u00e9quipe de programmation, pour la livraison et l\u2019am\u00e9lioration continue d\u2019un ERP.\" \/>\n<meta property=\"og:url\" content=\"https:\/\/www.gy-solutions.com\/en\/job\/developpeure-full-stack-en\/\" \/>\n<meta property=\"og:site_name\" content=\"GY Solutions\" \/>\n<meta property=\"article:modified_time\" content=\"2023-06-22T15:59:58+00:00\" \/>\n<meta property=\"og:image\" content=\"https:\/\/www.gy-solutions.com\/wp-content\/uploads\/2024\/01\/gy-solutions.jpg\" \/>\n\t<meta property=\"og:image:width\" content=\"1158\" \/>\n\t<meta property=\"og:image:height\" content=\"673\" \/>\n\t<meta property=\"og:image:type\" content=\"image\/jpeg\" \/>\n<meta name=\"twitter:card\" content=\"summary_large_image\" \/>\n<meta name=\"twitter:label1\" content=\"Est. reading time\" \/>\n\t<meta name=\"twitter:data1\" content=\"1 minute\" \/>\n<script type=\"application\/ld+json\" class=\"yoast-schema-graph\">{\"@context\":\"https:\\\/\\\/schema.org\",\"@graph\":[{\"@type\":\"WebPage\",\"@id\":\"https:\\\/\\\/www.gy-solutions.com\\\/en\\\/job\\\/developpeure-full-stack-en\\\/\",\"url\":\"https:\\\/\\\/www.gy-solutions.com\\\/en\\\/job\\\/developpeure-full-stack-en\\\/\",\"name\":\"D\u00e9veloppeur(e) Full Stack EN | GY Solutions\",\"isPartOf\":{\"@id\":\"https:\\\/\\\/www.gy-solutions.com\\\/#website\"},\"datePublished\":\"2023-02-23T19:55:32+00:00\",\"dateModified\":\"2023-06-22T15:59:58+00:00\",\"breadcrumb\":{\"@id\":\"https:\\\/\\\/www.gy-solutions.com\\\/en\\\/job\\\/developpeure-full-stack-en\\\/#breadcrumb\"},\"inLanguage\":\"en-US\",\"potentialAction\":[{\"@type\":\"ReadAction\",\"target\":[\"https:\\\/\\\/www.gy-solutions.com\\\/en\\\/job\\\/developpeure-full-stack-en\\\/\"]}]},{\"@type\":\"BreadcrumbList\",\"@id\":\"https:\\\/\\\/www.gy-solutions.com\\\/en\\\/job\\\/developpeure-full-stack-en\\\/#breadcrumb\",\"itemListElement\":[{\"@type\":\"ListItem\",\"position\":1,\"name\":\"Accueil\",\"item\":\"https:\\\/\\\/www.gy-solutions.com\\\/en\\\/gy-solutions-en\\\/\"},{\"@type\":\"ListItem\",\"position\":2,\"name\":\"Boutique\",\"item\":\"https:\\\/\\\/www.gy-solutions.com\\\/en\\\/boutique\\\/\"},{\"@type\":\"ListItem\",\"position\":3,\"name\":\"D\u00e9veloppeur(e) Full Stack EN\"}]},{\"@type\":\"WebSite\",\"@id\":\"https:\\\/\\\/www.gy-solutions.com\\\/#website\",\"url\":\"https:\\\/\\\/www.gy-solutions.com\\\/\",\"name\":\"Conseil SAP, Chasseurs de T\u00eates TI\",\"description\":\"\",\"publisher\":{\"@id\":\"https:\\\/\\\/www.gy-solutions.com\\\/#organization\"},\"alternateName\":\"GY Solutions\",\"potentialAction\":[{\"@type\":\"SearchAction\",\"target\":{\"@type\":\"EntryPoint\",\"urlTemplate\":\"https:\\\/\\\/www.gy-solutions.com\\\/?s={search_term_string}\"},\"query-input\":{\"@type\":\"PropertyValueSpecification\",\"valueRequired\":true,\"valueName\":\"search_term_string\"}}],\"inLanguage\":\"en-US\"},{\"@type\":\"Organization\",\"@id\":\"https:\\\/\\\/www.gy-solutions.com\\\/#organization\",\"name\":\"Conseil SAP, Chasseurs de T\u00eates TI\",\"url\":\"https:\\\/\\\/www.gy-solutions.com\\\/\",\"logo\":{\"@type\":\"ImageObject\",\"inLanguage\":\"en-US\",\"@id\":\"https:\\\/\\\/www.gy-solutions.com\\\/#\\\/schema\\\/logo\\\/image\\\/\",\"url\":\"https:\\\/\\\/www.gy-solutions.com\\\/wp-content\\\/uploads\\\/2024\\\/01\\\/gy-solutions.jpg\",\"contentUrl\":\"https:\\\/\\\/www.gy-solutions.com\\\/wp-content\\\/uploads\\\/2024\\\/01\\\/gy-solutions.jpg\",\"width\":1158,\"height\":673,\"caption\":\"Conseil SAP, Chasseurs de T\u00eates TI\"},\"image\":{\"@id\":\"https:\\\/\\\/www.gy-solutions.com\\\/#\\\/schema\\\/logo\\\/image\\\/\"},\"sameAs\":[\"https:\\\/\\\/www.linkedin.com\\\/company\\\/gy-solutions\"]}]}<\/script>\n<!-- \/ Yoast SEO plugin. -->","yoast_head_json":{"title":"D\u00e9veloppeur(e) Full Stack EN | GY Solutions","robots":{"index":"index","follow":"follow","max-snippet":"max-snippet:-1","max-image-preview":"max-image-preview:large","max-video-preview":"max-video-preview:-1"},"canonical":"https:\/\/www.gy-solutions.com\/en\/job\/developpeure-full-stack-en\/","og_locale":"en_US","og_type":"article","og_title":"D\u00e9veloppeur(e) Full Stack EN | GY Solutions","og_description":"Notre client est \u00e0 la recherche D\u00e9veloppeur Full Stack pour se joindre \u00e0 notre \u00e9quipe de programmation, pour la livraison et l\u2019am\u00e9lioration continue d\u2019un ERP.","og_url":"https:\/\/www.gy-solutions.com\/en\/job\/developpeure-full-stack-en\/","og_site_name":"GY Solutions","article_modified_time":"2023-06-22T15:59:58+00:00","og_image":[{"width":1158,"height":673,"url":"https:\/\/www.gy-solutions.com\/wp-content\/uploads\/2024\/01\/gy-solutions.jpg","type":"image\/jpeg"}],"twitter_card":"summary_large_image","twitter_misc":{"Est. reading time":"1 minute"},"schema":{"@context":"https:\/\/schema.org","@graph":[{"@type":"WebPage","@id":"https:\/\/www.gy-solutions.com\/en\/job\/developpeure-full-stack-en\/","url":"https:\/\/www.gy-solutions.com\/en\/job\/developpeure-full-stack-en\/","name":"D\u00e9veloppeur(e) Full Stack EN | GY Solutions","isPartOf":{"@id":"https:\/\/www.gy-solutions.com\/#website"},"datePublished":"2023-02-23T19:55:32+00:00","dateModified":"2023-06-22T15:59:58+00:00","breadcrumb":{"@id":"https:\/\/www.gy-solutions.com\/en\/job\/developpeure-full-stack-en\/#breadcrumb"},"inLanguage":"en-US","potentialAction":[{"@type":"ReadAction","target":["https:\/\/www.gy-solutions.com\/en\/job\/developpeure-full-stack-en\/"]}]},{"@type":"BreadcrumbList","@id":"https:\/\/www.gy-solutions.com\/en\/job\/developpeure-full-stack-en\/#breadcrumb","itemListElement":[{"@type":"ListItem","position":1,"name":"Accueil","item":"https:\/\/www.gy-solutions.com\/en\/gy-solutions-en\/"},{"@type":"ListItem","position":2,"name":"Boutique","item":"https:\/\/www.gy-solutions.com\/en\/boutique\/"},{"@type":"ListItem","position":3,"name":"D\u00e9veloppeur(e) Full Stack EN"}]},{"@type":"WebSite","@id":"https:\/\/www.gy-solutions.com\/#website","url":"https:\/\/www.gy-solutions.com\/","name":"Conseil SAP, Chasseurs de T\u00eates TI","description":"","publisher":{"@id":"https:\/\/www.gy-solutions.com\/#organization"},"alternateName":"GY Solutions","potentialAction":[{"@type":"SearchAction","target":{"@type":"EntryPoint","urlTemplate":"https:\/\/www.gy-solutions.com\/?s={search_term_string}"},"query-input":{"@type":"PropertyValueSpecification","valueRequired":true,"valueName":"search_term_string"}}],"inLanguage":"en-US"},{"@type":"Organization","@id":"https:\/\/www.gy-solutions.com\/#organization","name":"Conseil SAP, Chasseurs de T\u00eates TI","url":"https:\/\/www.gy-solutions.com\/","logo":{"@type":"ImageObject","inLanguage":"en-US","@id":"https:\/\/www.gy-solutions.com\/#\/schema\/logo\/image\/","url":"https:\/\/www.gy-solutions.com\/wp-content\/uploads\/2024\/01\/gy-solutions.jpg","contentUrl":"https:\/\/www.gy-solutions.com\/wp-content\/uploads\/2024\/01\/gy-solutions.jpg","width":1158,"height":673,"caption":"Conseil SAP, Chasseurs de T\u00eates TI"},"image":{"@id":"https:\/\/www.gy-solutions.com\/#\/schema\/logo\/image\/"},"sameAs":["https:\/\/www.linkedin.com\/company\/gy-solutions"]}]}},"_links":{"self":[{"href":"https:\/\/www.gy-solutions.com\/en\/wp-json\/wp\/v2\/product\/742","targetHints":{"allow":["GET"]}}],"collection":[{"href":"https:\/\/www.gy-solutions.com\/en\/wp-json\/wp\/v2\/product"}],"about":[{"href":"https:\/\/www.gy-solutions.com\/en\/wp-json\/wp\/v2\/types\/product"}],"wp:attachment":[{"href":"https:\/\/www.gy-solutions.com\/en\/wp-json\/wp\/v2\/media?parent=742"}],"wp:term":[{"taxonomy":"product_brand","embeddable":true,"href":"https:\/\/www.gy-solutions.com\/en\/wp-json\/wp\/v2\/product_brand?post=742"},{"taxonomy":"product_cat","embeddable":true,"href":"https:\/\/www.gy-solutions.com\/en\/wp-json\/wp\/v2\/product_cat?post=742"},{"taxonomy":"product_tag","embeddable":true,"href":"https:\/\/www.gy-solutions.com\/en\/wp-json\/wp\/v2\/product_tag?post=742"}],"curies":[{"name":"wp","href":"https:\/\/api.w.org\/{rel}","templated":true}]}}