{"id":695,"date":"2023-06-14T12:29:43","date_gmt":"2023-06-14T12:29:43","guid":{"rendered":"https:\/\/www.gy-solutions.com\/?page_id=695"},"modified":"2023-06-14T19:38:42","modified_gmt":"2023-06-14T19:38:42","slug":"job-list-missions","status":"publish","type":"page","link":"https:\/\/www.gy-solutions.com\/en\/job-list-missions\/","title":{"rendered":"Job List \u2013 Missions"},"content":{"rendered":"<section class=\"wpb-content-wrapper\"><p>[vc_row][vc_column width=&#8221;2\/3&#8243;]\n\t\t<div id=\"wd-6488b3ac81ef7\" class=\"title-wrapper wd-wpb set-mb-s reset-last-child  wd-rs-6488b3ac81ef7 wd-title-color-default wd-title-style-default text-left  wd-underline-colored\">\n\t\t\t\t\t\t\t<div class=\"title-subtitle  subtitle-color-default font-default subtitle-style-default wd-font-weight- wd-fontsize-xs\">Are you a Candidate?<\/div>\n\t\t\t\n\t\t\t<div class=\"liner-continer\">\n\t\t\t\t<h4 class=\"woodmart-title-container title  wd-font-weight-500 wd-fontsize-xl\" >Boost your Talent with GY Solutions<\/h4>\n\t\t\t\t\t\t\t<\/div>\n\t\t\t\n\t\t\t\n\t\t\t\n\t\t<\/div>\n\t\t\n\t\t[\/vc_column][vc_column width=&#8221;1\/3&#8243;]\n\t\t<div id=\"wd-6488b3d176db7\" class=\"title-wrapper wd-wpb set-mb-s reset-last-child  wd-rs-6488b3d176db7 wd-title-color-primary wd-title-style-simple text-left  wd-underline-colored\">\n\t\t\t\n\t\t\t<div class=\"liner-continer\">\n\t\t\t\t<h4 class=\"woodmart-title-container title  wd-font-weight- wd-fontsize-l\" >Spontaneous application<\/h4>\n\t\t\t\t\t\t\t<\/div>\n\t\t\t\n\t\t\t\n\t\t\t\n\t\t<\/div>\n\t\t\n\t\t<div id=\"wd-648a17308853e\" class=\" wd-rs-648a17308853e  wd-button-wrapper woodmart-button-wrapper text-left\"><a href=\"https:\/\/www.gy-solutions.com\/en\/spontaneous-application\/\" title=\"Candidature spontan\u00e9e\" class=\"btn btn-color-primary btn-style-default btn-style-rectangle btn-size-default\">Spontaneous application<\/a><\/div>[\/vc_column][\/vc_row][vc_row disable_element=&#8221;yes&#8221; woodmart_css_id=&#8221;64536874d0f00&#8243; responsive_spacing=&#8221;eyJwYXJhbV90eXBlIjoid29vZG1hcnRfcmVzcG9uc2l2ZV9zcGFjaW5nIiwic2VsZWN0b3JfaWQiOiI2NDUzNjg3NGQwZjAwIiwic2hvcnRjb2RlIjoidmNfcm93IiwiZGF0YSI6eyJ0YWJsZXQiOnt9LCJtb2JpbGUiOnt9fX0=&#8221; mobile_bg_img_hidden=&#8221;no&#8221; tablet_bg_img_hidden=&#8221;no&#8221; woodmart_parallax=&#8221;0&#8243; woodmart_gradient_switch=&#8221;no&#8221; woodmart_box_shadow=&#8221;no&#8221; wd_z_index=&#8221;no&#8221; woodmart_disable_overflow=&#8221;0&#8243; row_reverse_mobile=&#8221;0&#8243; row_reverse_tablet=&#8221;0&#8243;][vc_column width=&#8221;2\/3&#8243;]\n\t\t<div id=\"wd-63f7bc1b9fee7\" class=\"title-wrapper wd-wpb set-mb-s reset-last-child  wd-rs-63f7bc1b9fee7 wd-title-color-default wd-title-style-default text-left  wd-underline-colored\">\n\t\t\t\t\t\t\t<div class=\"title-subtitle  subtitle-color-default font-default subtitle-style-default wd-font-weight- wd-fontsize-xs\">Vous \u00eates Candidat?<\/div>\n\t\t\t\n\t\t\t<div class=\"liner-continer\">\n\t\t\t\t<h4 class=\"woodmart-title-container title  wd-font-weight-500 wd-fontsize-xl\" >Propulsez votre Talent avec GY Solutions<\/h4>\n\t\t\t\t\t\t\t<\/div>\n\t\t\t\n\t\t\t\n\t\t\t\n\t\t<\/div>\n\t\t\n\t\t\t\t<div id=\"wd-63f7b90bdd521\" class=\"wd-text-block wd-wpb reset-last-child wd-rs-63f7b90bdd521 text-left \">\n\t\t\t<p>Vous \u00eates unique ! Vos ambitions sont notre priorit\u00e9. Nous prenons en compte vos attentes, vos aptitudes, votre parcours, vos aspirations afin de vous aider \u00e0 trouver la bonne place ou faire briller vos comp\u00e9tences.<\/p>\n<p><strong>Vous \u00eates residents permanents ? Vous avez un permis de travail ouvert ou ferm\u00e9? Vous \u00eates citoyen Canadien?\u00a0<\/strong><\/p>\n<p>Ou <strong>Vous n&#8217;\u00eates pas \u00e9ligible \u00e0 travailler au Canada?<\/strong> Peu importe votre situation, contactez nous, nous aidons a trouver votre emploi au Canada.<\/p>\n<p>Nos experts font la promotion de votre profil aupr\u00e8s des gestionnaires d\u2019embauche afin de leur expliquer pourquoi vous \u00eates le meilleur candidat pour le poste qu\u2019ils cherchent \u00e0 pourvoir.<\/p>\n<p>D\u00e9couvrez toutes nos offres d\u2019emploi et opportunit\u00e9s de carri\u00e8re :<\/p>\n\t\t<\/div>\n\t\t[\/vc_column][vc_column width=&#8221;1\/3&#8243;]\n\t\t<div id=\"wd-64535e6aadae3\" class=\"title-wrapper wd-wpb set-mb-s reset-last-child  wd-rs-64535e6aadae3 wd-title-color-primary wd-title-style-simple text-left  wd-underline-colored\">\n\t\t\t\n\t\t\t<div class=\"liner-continer\">\n\t\t\t\t<h4 class=\"woodmart-title-container title  wd-font-weight- wd-fontsize-l\" >Candidature spontan\u00e9e<\/h4>\n\t\t\t\t\t\t\t<\/div>\n\t\t\t\n\t\t\t\t\t\t\t<div class=\"title-after_title  set-cont-mb-s reset-last-child  wd-fontsize-xs\">S'enregistrer \u00e0 notre programme ABC, et recevez toutes les nouvelles offres d'emplois<\/div>\n\t\t\t\n\t\t\t\n\t\t<\/div>\n\t\t\n\t\t<div id=\"wd-63ee14e9677eb\" class=\" wd-rs-63ee14e9677eb  wd-button-wrapper woodmart-button-wrapper text-left\"><a href=\"https:\/\/www.gy-solutions.com\/candidature-spontanee\/\" title=\"Candidature spontan\u00e9e\" class=\"btn btn-color-primary btn-style-default btn-style-rectangle btn-size-default\">S&#039;inscrire maintenant<\/a><\/div>[\/vc_column][\/vc_row][vc_row css=&#8221;.vc_custom_1686747171129{margin-top: 50px !important;}&#8221; woodmart_css_id=&#8221;6489b81a4a52e&#8221; responsive_spacing=&#8221;eyJwYXJhbV90eXBlIjoid29vZG1hcnRfcmVzcG9uc2l2ZV9zcGFjaW5nIiwic2VsZWN0b3JfaWQiOiI2NDg5YjgxYTRhNTJlIiwic2hvcnRjb2RlIjoidmNfcm93IiwiZGF0YSI6eyJ0YWJsZXQiOnt9LCJtb2JpbGUiOnt9fX0=&#8221; mobile_bg_img_hidden=&#8221;no&#8221; tablet_bg_img_hidden=&#8221;no&#8221; woodmart_parallax=&#8221;0&#8243; woodmart_gradient_switch=&#8221;no&#8221; woodmart_box_shadow=&#8221;no&#8221; wd_z_index=&#8221;no&#8221; woodmart_disable_overflow=&#8221;0&#8243; row_reverse_mobile=&#8221;0&#8243; row_reverse_tablet=&#8221;0&#8243;][vc_column]\t\t\t<div class=\"wd-products-element wd-rs-6489b6237619a\">\n\t\t\t\n\t\t\n\t\t\t\t\t<div class=\"products elements-grid align-items-start row wd-products-holder  elements-list pagination- products-bordered-grid-ins align-items-start\" data-paged=\"1\" data-atts=\"{&quot;element_title&quot;:&quot;&quot;,&quot;post_type&quot;:&quot;product&quot;,&quot;layout&quot;:&quot;list&quot;,&quot;include&quot;:&quot;&quot;,&quot;custom_query&quot;:&quot;&quot;,&quot;taxonomies&quot;:&quot;&quot;,&quot;pagination&quot;:&quot;&quot;,&quot;items_per_page&quot;:12,&quot;product_hover&quot;:&quot;inherit&quot;,&quot;spacing&quot;:&quot;20&quot;,&quot;columns&quot;:4,&quot;columns_tablet&quot;:&quot;auto&quot;,&quot;columns_mobile&quot;:&quot;auto&quot;,&quot;sale_countdown&quot;:0,&quot;stretch_product_desktop&quot;:0,&quot;stretch_product_tablet&quot;:0,&quot;stretch_product_mobile&quot;:0,&quot;stock_progress_bar&quot;:0,&quot;highlighted_products&quot;:&quot;0&quot;,&quot;products_bordered_grid&quot;:&quot;1&quot;,&quot;products_bordered_grid_style&quot;:&quot;inside&quot;,&quot;product_quantity&quot;:0,&quot;offset&quot;:&quot;&quot;,&quot;orderby&quot;:&quot;&quot;,&quot;query_type&quot;:&quot;OR&quot;,&quot;order&quot;:&quot;&quot;,&quot;meta_key&quot;:&quot;&quot;,&quot;exclude&quot;:&quot;&quot;,&quot;class&quot;:&quot;&quot;,&quot;ajax_page&quot;:&quot;&quot;,&quot;speed&quot;:&quot;5000&quot;,&quot;slides_per_view&quot;:&quot;4&quot;,&quot;slides_per_view_tablet&quot;:&quot;auto&quot;,&quot;slides_per_view_mobile&quot;:&quot;auto&quot;,&quot;wrap&quot;:&quot;&quot;,&quot;autoplay&quot;:&quot;no&quot;,&quot;center_mode&quot;:&quot;no&quot;,&quot;hide_pagination_control&quot;:&quot;&quot;,&quot;hide_prev_next_buttons&quot;:&quot;&quot;,&quot;scroll_per_page&quot;:&quot;yes&quot;,&quot;img_size&quot;:&quot;woocommerce_thumbnail&quot;,&quot;force_not_ajax&quot;:&quot;no&quot;,&quot;products_masonry&quot;:&quot;0&quot;,&quot;products_different_sizes&quot;:&quot;0&quot;,&quot;lazy_loading&quot;:&quot;no&quot;,&quot;scroll_carousel_init&quot;:&quot;no&quot;,&quot;el_class&quot;:&quot;&quot;,&quot;shop_tools&quot;:&quot;no&quot;,&quot;query_post_type&quot;:&quot;product&quot;,&quot;hide_out_of_stock&quot;:&quot;no&quot;,&quot;css&quot;:&quot;&quot;,&quot;woodmart_css_id&quot;:&quot;6489b6237619a&quot;,&quot;ajax_recently_viewed&quot;:&quot;no&quot;,&quot;is_wishlist&quot;:&quot;&quot;}\" data-source=\"shortcode\" data-columns=\"4\">\n\t\t\t<div class=\"product-grid-item product product-no-swatches product-list-item  col-lg-12 col-md-12 col-12 first  last  type-product post-742 status-publish instock product_cat-non-classe shipping-taxable product-type-simple\" data-loop=\"1\" data-id=\"742\">\n\t\n\t\n\t<div class=\"product-wrapper\">\n\t\t<div class=\"product-element-top wd-quick-shop\">\n\t\t\t<a href=\"https:\/\/www.gy-solutions.com\/en\/job\/developpeure-full-stack-en\/\" class=\"product-image-link\">\n\t\t\t\t<img loading=\"lazy\" decoding=\"async\" width=\"300\" height=\"300\" src=\"https:\/\/www.gy-solutions.com\/wp-content\/uploads\/woocommerce-placeholder-300x300.png\" class=\"woocommerce-placeholder wp-post-image\" alt=\"Placeholder\" srcset=\"https:\/\/www.gy-solutions.com\/wp-content\/uploads\/woocommerce-placeholder-300x300.png 300w, https:\/\/www.gy-solutions.com\/wp-content\/uploads\/woocommerce-placeholder-150x150.png 150w, https:\/\/www.gy-solutions.com\/wp-content\/uploads\/woocommerce-placeholder-600x600.png 600w, https:\/\/www.gy-solutions.com\/wp-content\/uploads\/woocommerce-placeholder-1024x1024.png 1024w, https:\/\/www.gy-solutions.com\/wp-content\/uploads\/woocommerce-placeholder-768x768.png 768w, https:\/\/www.gy-solutions.com\/wp-content\/uploads\/woocommerce-placeholder.png 1200w\" sizes=\"auto, (max-width: 300px) 100vw, 300px\" \/>\t\t\t<\/a>\n\t\t\t\t\t\t<div class=\"wd-buttons wd-pos-r-t woodmart-buttons\">\n\t\t\t\t\t\t\t\t\t\t<div class=\"quick-view wd-action-btn wd-style-icon wd-quick-view-icon wd-quick-view-btn\">\n\t\t\t<a\n\t\t\t\thref=\"https:\/\/www.gy-solutions.com\/en\/job\/developpeure-full-stack-en\/\"\n\t\t\t\tclass=\"open-quick-view quick-view-button\"\n\t\t\t\trel=\"nofollow\"\n\t\t\t\tdata-id=\"742\"\n\t\t\t\t>Quick view<\/a>\n\t\t<\/div>\n\t\t\t\t\t\t\t\t<div class=\"wd-compare-btn product-compare-button wd-action-btn wd-style-icon wd-compare-icon\">\n\t\t\t<a href=\"https:\/\/www.gy-solutions.com\/en\/job\/developpeure-full-stack-en\/\" data-id=\"742\" rel=\"nofollow\" data-added-text=\"Compare products\">\n\t\t\t\t<span>Compare<\/span>\n\t\t\t<\/a>\n\t\t<\/div>\n\t\t\t\t\t\t\t\t\t<div class=\"wd-wishlist-btn wd-action-btn wd-style-icon wd-wishlist-icon woodmart-wishlist-btn\">\n\t\t\t\t<a class=\"\" href=\"https:\/\/www.gy-solutions.com\/en\/job\/developpeure-full-stack-en\/\" data-key=\"4032127eb3\" data-product-id=\"742\" rel=\"nofollow\" data-added-text=\"Browse Wishlist\">\n\t\t\t\t\t<span>Add to wishlist<\/span>\n\t\t\t\t<\/a>\n\t\t\t<\/div>\n\t\t\t\t\t<\/div>\n\t\t<\/div>\n\n\t\t<div class=\"product-list-content\">\n\t\t\t<h3 class=\"wd-entities-title\"><a href=\"https:\/\/www.gy-solutions.com\/en\/job\/developpeure-full-stack-en\/\">D\u00e9veloppeur(e) Full Stack EN<\/a><\/h3>\t\t\t\t\t\t\t\t\t\t\t\t\n\t\t\t\t\t\t<div class=\"woocommerce-product-details__short-description\">\n\t<p>Notre client est \u00e0 la recherche D\u00e9veloppeur Full Stack pour se joindre \u00e0 notre \u00e9quipe de programmation, pour la livraison et l\u2019am\u00e9lioration continue d\u2019un ERP.<\/p>\n<\/div>\n\t\t\t\n\t\t\t\n\t\t\t\n\t\t\t<div class=\"wd-add-btn wd-add-btn-replace woodmart-add-btn\">\n\t\t\t\t\n\t\t\t\t<a href=\"https:\/\/www.gy-solutions.com\/en\/job\/developpeure-full-stack-en\/\" data-quantity=\"1\" class=\"button product_type_simple add-to-cart-loop\" data-product_id=\"742\" data-product_sku=\"\" aria-label=\"Read more about &ldquo;D\u00e9veloppeur(e) Full Stack EN&rdquo;\" rel=\"nofollow\" data-success_message=\"\"><span>Read more<\/span><\/a>\t\t\t<\/div>\n\n\t\t\t<div class=\"mission-badge\">\n\t\t<span><span class=\"wd-icon fas fa-file-alt\"><\/span> Freelance<\/span> &nbsp \n\t\t<span><span class=\"wd-icon fas fa-map-marker-alt\"><\/span> Montreal<\/span>\n\t<\/div>\t\t<\/div>\n\t<\/div>\n<\/div>\n<div class=\"product-grid-item product product-no-swatches product-list-item  col-lg-12 col-md-12 col-12 first  last  type-product post-743 status-publish instock product_cat-non-classe shipping-taxable product-type-simple\" data-loop=\"2\" data-id=\"743\">\n\t\n\t\n\t<div class=\"product-wrapper\">\n\t\t<div class=\"product-element-top wd-quick-shop\">\n\t\t\t<a href=\"https:\/\/www.gy-solutions.com\/en\/job\/s-4-hana-mm-consultant\/\" class=\"product-image-link\">\n\t\t\t\t<img loading=\"lazy\" decoding=\"async\" width=\"300\" height=\"300\" src=\"https:\/\/www.gy-solutions.com\/wp-content\/uploads\/woocommerce-placeholder-300x300.png\" class=\"woocommerce-placeholder wp-post-image\" alt=\"Placeholder\" srcset=\"https:\/\/www.gy-solutions.com\/wp-content\/uploads\/woocommerce-placeholder-300x300.png 300w, https:\/\/www.gy-solutions.com\/wp-content\/uploads\/woocommerce-placeholder-150x150.png 150w, https:\/\/www.gy-solutions.com\/wp-content\/uploads\/woocommerce-placeholder-600x600.png 600w, https:\/\/www.gy-solutions.com\/wp-content\/uploads\/woocommerce-placeholder-1024x1024.png 1024w, https:\/\/www.gy-solutions.com\/wp-content\/uploads\/woocommerce-placeholder-768x768.png 768w, https:\/\/www.gy-solutions.com\/wp-content\/uploads\/woocommerce-placeholder.png 1200w\" sizes=\"auto, (max-width: 300px) 100vw, 300px\" \/>\t\t\t<\/a>\n\t\t\t\t\t\t<div class=\"wd-buttons wd-pos-r-t woodmart-buttons\">\n\t\t\t\t\t\t\t\t\t\t<div class=\"quick-view wd-action-btn wd-style-icon wd-quick-view-icon wd-quick-view-btn\">\n\t\t\t<a\n\t\t\t\thref=\"https:\/\/www.gy-solutions.com\/en\/job\/s-4-hana-mm-consultant\/\"\n\t\t\t\tclass=\"open-quick-view quick-view-button\"\n\t\t\t\trel=\"nofollow\"\n\t\t\t\tdata-id=\"743\"\n\t\t\t\t>Quick view<\/a>\n\t\t<\/div>\n\t\t\t\t\t\t\t\t<div class=\"wd-compare-btn product-compare-button wd-action-btn wd-style-icon wd-compare-icon\">\n\t\t\t<a href=\"https:\/\/www.gy-solutions.com\/en\/job\/s-4-hana-mm-consultant\/\" data-id=\"743\" rel=\"nofollow\" data-added-text=\"Compare products\">\n\t\t\t\t<span>Compare<\/span>\n\t\t\t<\/a>\n\t\t<\/div>\n\t\t\t\t\t\t\t\t\t<div class=\"wd-wishlist-btn wd-action-btn wd-style-icon wd-wishlist-icon woodmart-wishlist-btn\">\n\t\t\t\t<a class=\"\" href=\"https:\/\/www.gy-solutions.com\/en\/job\/s-4-hana-mm-consultant\/\" data-key=\"4032127eb3\" data-product-id=\"743\" rel=\"nofollow\" data-added-text=\"Browse Wishlist\">\n\t\t\t\t\t<span>Add to wishlist<\/span>\n\t\t\t\t<\/a>\n\t\t\t<\/div>\n\t\t\t\t\t<\/div>\n\t\t<\/div>\n\n\t\t<div class=\"product-list-content\">\n\t\t\t<h3 class=\"wd-entities-title\"><a href=\"https:\/\/www.gy-solutions.com\/en\/job\/s-4-hana-mm-consultant\/\">S\/4 Hana MM Consultant EN<\/a><\/h3>\t\t\t\t\t\t\t\t\t\t\t\t\n\t\t\t\t\t\t<div class=\"woocommerce-product-details__short-description\">\n\t<p><span class=\"Y2IQFc\" lang=\"fr\">Nous recherchons un consultant senior SAP MM exp\u00e9riment\u00e9 pour diriger tous les processus MM pour notre client. <\/span><\/p>\n<\/div>\n\t\t\t\n\t\t\t\n\t\t\t\n\t\t\t<div class=\"wd-add-btn wd-add-btn-replace woodmart-add-btn\">\n\t\t\t\t\n\t\t\t\t<a href=\"https:\/\/www.gy-solutions.com\/en\/job\/s-4-hana-mm-consultant\/\" data-quantity=\"1\" class=\"button product_type_simple add-to-cart-loop\" data-product_id=\"743\" data-product_sku=\"\" aria-label=\"Read more about &ldquo;S\/4 Hana MM Consultant EN&rdquo;\" rel=\"nofollow\" data-success_message=\"\"><span>Read more<\/span><\/a>\t\t\t<\/div>\n\n\t\t\t<div class=\"mission-badge\">\n\t\t<span><span class=\"wd-icon fas fa-file-alt\"><\/span> Freelance<\/span> &nbsp \n\t\t<span><span class=\"wd-icon fas fa-map-marker-alt\"><\/span> Montreal<\/span>\n\t<\/div>\t\t<\/div>\n\t<\/div>\n<\/div>\n\t\t\t<\/div>\n\t\t\t<\/div>[\/vc_column][\/vc_row]<\/p>\n<\/section>","protected":false},"excerpt":{"rendered":"<p>[vc_row][vc_column width=&#8221;2\/3&#8243;][\/vc_column][vc_column width=&#8221;1\/3&#8243;][\/vc_column][\/vc_row][vc_row disable_element=&#8221;yes&#8221; woodmart_css_id=&#8221;64536874d0f00&#8243; responsive_spacing=&#8221;eyJwYXJhbV90eXBlIjoid29vZG1hcnRfcmVzcG9uc2l2ZV9zcGFjaW5nIiwic2VsZWN0b3JfaWQiOiI2NDUzNjg3NGQwZjAwIiwic2hvcnRjb2RlIjoidmNfcm93IiwiZGF0YSI6eyJ0YWJsZXQiOnt9LCJtb2JpbGUiOnt9fX0=&#8221; mobile_bg_img_hidden=&#8221;no&#8221; tablet_bg_img_hidden=&#8221;no&#8221; woodmart_parallax=&#8221;0&#8243; woodmart_gradient_switch=&#8221;no&#8221; woodmart_box_shadow=&#8221;no&#8221; wd_z_index=&#8221;no&#8221; woodmart_disable_overflow=&#8221;0&#8243; row_reverse_mobile=&#8221;0&#8243; row_reverse_tablet=&#8221;0&#8243;][vc_column width=&#8221;2\/3&#8243;][\/vc_column][vc_column width=&#8221;1\/3&#8243;][\/vc_column][\/vc_row][vc_row css=&#8221;.vc_custom_1686747171129{margin-top: 50px !important;}&#8221;<\/p>\n","protected":false},"author":1,"featured_media":0,"parent":0,"menu_order":0,"comment_status":"closed","ping_status":"closed","template":"","meta":{"footnotes":""},"class_list":["post-695","page","type-page","status-publish","hentry"],"yoast_head":"<!-- This site is optimized with the Yoast SEO plugin v27.5 - https:\/\/yoast.com\/product\/yoast-seo-wordpress\/ -->\n<title>Job List \u2013 Missions | GY Solutions<\/title>\n<meta name=\"robots\" content=\"index, follow, max-snippet:-1, max-image-preview:large, max-video-preview:-1\" \/>\n<link rel=\"canonical\" href=\"https:\/\/www.gy-solutions.com\/en\/job-list-missions\/\" \/>\n<meta property=\"og:locale\" content=\"en_US\" \/>\n<meta property=\"og:type\" content=\"article\" \/>\n<meta property=\"og:title\" content=\"Job List \u2013 Missions | GY Solutions\" \/>\n<meta property=\"og:description\" content=\"[vc_row][vc_column width=&#8221;2\/3&#8243;][\/vc_column][vc_column width=&#8221;1\/3&#8243;][\/vc_column][\/vc_row][vc_row disable_element=&#8221;yes&#8221; woodmart_css_id=&#8221;64536874d0f00&#8243; responsive_spacing=&#8221;eyJwYXJhbV90eXBlIjoid29vZG1hcnRfcmVzcG9uc2l2ZV9zcGFjaW5nIiwic2VsZWN0b3JfaWQiOiI2NDUzNjg3NGQwZjAwIiwic2hvcnRjb2RlIjoidmNfcm93IiwiZGF0YSI6eyJ0YWJsZXQiOnt9LCJtb2JpbGUiOnt9fX0=&#8221; mobile_bg_img_hidden=&#8221;no&#8221; tablet_bg_img_hidden=&#8221;no&#8221; woodmart_parallax=&#8221;0&#8243; woodmart_gradient_switch=&#8221;no&#8221; woodmart_box_shadow=&#8221;no&#8221; wd_z_index=&#8221;no&#8221; woodmart_disable_overflow=&#8221;0&#8243; row_reverse_mobile=&#8221;0&#8243; row_reverse_tablet=&#8221;0&#8243;][vc_column width=&#8221;2\/3&#8243;][\/vc_column][vc_column width=&#8221;1\/3&#8243;][\/vc_column][\/vc_row][vc_row css=&#8221;.vc_custom_1686747171129{margin-top: 50px !important;}&#8221;\" \/>\n<meta property=\"og:url\" content=\"https:\/\/www.gy-solutions.com\/en\/job-list-missions\/\" \/>\n<meta property=\"og:site_name\" content=\"GY Solutions\" \/>\n<meta property=\"article:modified_time\" content=\"2023-06-14T19:38:42+00:00\" \/>\n<meta property=\"og:image\" content=\"https:\/\/www.gy-solutions.com\/wp-content\/uploads\/2024\/01\/gy-solutions.jpg\" \/>\n\t<meta property=\"og:image:width\" content=\"1158\" \/>\n\t<meta property=\"og:image:height\" content=\"673\" \/>\n\t<meta property=\"og:image:type\" content=\"image\/jpeg\" \/>\n<meta name=\"twitter:card\" content=\"summary_large_image\" \/>\n<meta name=\"twitter:label1\" content=\"Est. reading time\" \/>\n\t<meta name=\"twitter:data1\" content=\"5 minutes\" \/>\n<script type=\"application\/ld+json\" class=\"yoast-schema-graph\">{\"@context\":\"https:\\\/\\\/schema.org\",\"@graph\":[{\"@type\":\"WebPage\",\"@id\":\"https:\\\/\\\/www.gy-solutions.com\\\/en\\\/job-list-missions\\\/\",\"url\":\"https:\\\/\\\/www.gy-solutions.com\\\/en\\\/job-list-missions\\\/\",\"name\":\"Job List \u2013 Missions | GY Solutions\",\"isPartOf\":{\"@id\":\"https:\\\/\\\/www.gy-solutions.com\\\/#website\"},\"datePublished\":\"2023-06-14T12:29:43+00:00\",\"dateModified\":\"2023-06-14T19:38:42+00:00\",\"breadcrumb\":{\"@id\":\"https:\\\/\\\/www.gy-solutions.com\\\/en\\\/job-list-missions\\\/#breadcrumb\"},\"inLanguage\":\"en-US\",\"potentialAction\":[{\"@type\":\"ReadAction\",\"target\":[\"https:\\\/\\\/www.gy-solutions.com\\\/en\\\/job-list-missions\\\/\"]}]},{\"@type\":\"BreadcrumbList\",\"@id\":\"https:\\\/\\\/www.gy-solutions.com\\\/en\\\/job-list-missions\\\/#breadcrumb\",\"itemListElement\":[{\"@type\":\"ListItem\",\"position\":1,\"name\":\"Accueil\",\"item\":\"https:\\\/\\\/www.gy-solutions.com\\\/en\\\/gy-solutions-en\\\/\"},{\"@type\":\"ListItem\",\"position\":2,\"name\":\"Job List \u2013 Missions\"}]},{\"@type\":\"WebSite\",\"@id\":\"https:\\\/\\\/www.gy-solutions.com\\\/#website\",\"url\":\"https:\\\/\\\/www.gy-solutions.com\\\/\",\"name\":\"Conseil SAP, Chasseurs de T\u00eates TI\",\"description\":\"\",\"publisher\":{\"@id\":\"https:\\\/\\\/www.gy-solutions.com\\\/#organization\"},\"alternateName\":\"GY Solutions\",\"potentialAction\":[{\"@type\":\"SearchAction\",\"target\":{\"@type\":\"EntryPoint\",\"urlTemplate\":\"https:\\\/\\\/www.gy-solutions.com\\\/?s={search_term_string}\"},\"query-input\":{\"@type\":\"PropertyValueSpecification\",\"valueRequired\":true,\"valueName\":\"search_term_string\"}}],\"inLanguage\":\"en-US\"},{\"@type\":\"Organization\",\"@id\":\"https:\\\/\\\/www.gy-solutions.com\\\/#organization\",\"name\":\"Conseil SAP, Chasseurs de T\u00eates TI\",\"url\":\"https:\\\/\\\/www.gy-solutions.com\\\/\",\"logo\":{\"@type\":\"ImageObject\",\"inLanguage\":\"en-US\",\"@id\":\"https:\\\/\\\/www.gy-solutions.com\\\/#\\\/schema\\\/logo\\\/image\\\/\",\"url\":\"https:\\\/\\\/www.gy-solutions.com\\\/wp-content\\\/uploads\\\/2024\\\/01\\\/gy-solutions.jpg\",\"contentUrl\":\"https:\\\/\\\/www.gy-solutions.com\\\/wp-content\\\/uploads\\\/2024\\\/01\\\/gy-solutions.jpg\",\"width\":1158,\"height\":673,\"caption\":\"Conseil SAP, Chasseurs de T\u00eates TI\"},\"image\":{\"@id\":\"https:\\\/\\\/www.gy-solutions.com\\\/#\\\/schema\\\/logo\\\/image\\\/\"},\"sameAs\":[\"https:\\\/\\\/www.linkedin.com\\\/company\\\/gy-solutions\"]}]}<\/script>\n<!-- \/ Yoast SEO plugin. -->","yoast_head_json":{"title":"Job List \u2013 Missions | GY Solutions","robots":{"index":"index","follow":"follow","max-snippet":"max-snippet:-1","max-image-preview":"max-image-preview:large","max-video-preview":"max-video-preview:-1"},"canonical":"https:\/\/www.gy-solutions.com\/en\/job-list-missions\/","og_locale":"en_US","og_type":"article","og_title":"Job List \u2013 Missions | GY Solutions","og_description":"[vc_row][vc_column width=&#8221;2\/3&#8243;][\/vc_column][vc_column width=&#8221;1\/3&#8243;][\/vc_column][\/vc_row][vc_row disable_element=&#8221;yes&#8221; woodmart_css_id=&#8221;64536874d0f00&#8243; responsive_spacing=&#8221;eyJwYXJhbV90eXBlIjoid29vZG1hcnRfcmVzcG9uc2l2ZV9zcGFjaW5nIiwic2VsZWN0b3JfaWQiOiI2NDUzNjg3NGQwZjAwIiwic2hvcnRjb2RlIjoidmNfcm93IiwiZGF0YSI6eyJ0YWJsZXQiOnt9LCJtb2JpbGUiOnt9fX0=&#8221; mobile_bg_img_hidden=&#8221;no&#8221; tablet_bg_img_hidden=&#8221;no&#8221; woodmart_parallax=&#8221;0&#8243; woodmart_gradient_switch=&#8221;no&#8221; woodmart_box_shadow=&#8221;no&#8221; wd_z_index=&#8221;no&#8221; woodmart_disable_overflow=&#8221;0&#8243; row_reverse_mobile=&#8221;0&#8243; row_reverse_tablet=&#8221;0&#8243;][vc_column width=&#8221;2\/3&#8243;][\/vc_column][vc_column width=&#8221;1\/3&#8243;][\/vc_column][\/vc_row][vc_row css=&#8221;.vc_custom_1686747171129{margin-top: 50px !important;}&#8221;","og_url":"https:\/\/www.gy-solutions.com\/en\/job-list-missions\/","og_site_name":"GY Solutions","article_modified_time":"2023-06-14T19:38:42+00:00","og_image":[{"width":1158,"height":673,"url":"https:\/\/www.gy-solutions.com\/wp-content\/uploads\/2024\/01\/gy-solutions.jpg","type":"image\/jpeg"}],"twitter_card":"summary_large_image","twitter_misc":{"Est. reading time":"5 minutes"},"schema":{"@context":"https:\/\/schema.org","@graph":[{"@type":"WebPage","@id":"https:\/\/www.gy-solutions.com\/en\/job-list-missions\/","url":"https:\/\/www.gy-solutions.com\/en\/job-list-missions\/","name":"Job List \u2013 Missions | GY Solutions","isPartOf":{"@id":"https:\/\/www.gy-solutions.com\/#website"},"datePublished":"2023-06-14T12:29:43+00:00","dateModified":"2023-06-14T19:38:42+00:00","breadcrumb":{"@id":"https:\/\/www.gy-solutions.com\/en\/job-list-missions\/#breadcrumb"},"inLanguage":"en-US","potentialAction":[{"@type":"ReadAction","target":["https:\/\/www.gy-solutions.com\/en\/job-list-missions\/"]}]},{"@type":"BreadcrumbList","@id":"https:\/\/www.gy-solutions.com\/en\/job-list-missions\/#breadcrumb","itemListElement":[{"@type":"ListItem","position":1,"name":"Accueil","item":"https:\/\/www.gy-solutions.com\/en\/gy-solutions-en\/"},{"@type":"ListItem","position":2,"name":"Job List \u2013 Missions"}]},{"@type":"WebSite","@id":"https:\/\/www.gy-solutions.com\/#website","url":"https:\/\/www.gy-solutions.com\/","name":"Conseil SAP, Chasseurs de T\u00eates TI","description":"","publisher":{"@id":"https:\/\/www.gy-solutions.com\/#organization"},"alternateName":"GY Solutions","potentialAction":[{"@type":"SearchAction","target":{"@type":"EntryPoint","urlTemplate":"https:\/\/www.gy-solutions.com\/?s={search_term_string}"},"query-input":{"@type":"PropertyValueSpecification","valueRequired":true,"valueName":"search_term_string"}}],"inLanguage":"en-US"},{"@type":"Organization","@id":"https:\/\/www.gy-solutions.com\/#organization","name":"Conseil SAP, Chasseurs de T\u00eates TI","url":"https:\/\/www.gy-solutions.com\/","logo":{"@type":"ImageObject","inLanguage":"en-US","@id":"https:\/\/www.gy-solutions.com\/#\/schema\/logo\/image\/","url":"https:\/\/www.gy-solutions.com\/wp-content\/uploads\/2024\/01\/gy-solutions.jpg","contentUrl":"https:\/\/www.gy-solutions.com\/wp-content\/uploads\/2024\/01\/gy-solutions.jpg","width":1158,"height":673,"caption":"Conseil SAP, Chasseurs de T\u00eates TI"},"image":{"@id":"https:\/\/www.gy-solutions.com\/#\/schema\/logo\/image\/"},"sameAs":["https:\/\/www.linkedin.com\/company\/gy-solutions"]}]}},"_links":{"self":[{"href":"https:\/\/www.gy-solutions.com\/en\/wp-json\/wp\/v2\/pages\/695","targetHints":{"allow":["GET"]}}],"collection":[{"href":"https:\/\/www.gy-solutions.com\/en\/wp-json\/wp\/v2\/pages"}],"about":[{"href":"https:\/\/www.gy-solutions.com\/en\/wp-json\/wp\/v2\/types\/page"}],"author":[{"embeddable":true,"href":"https:\/\/www.gy-solutions.com\/en\/wp-json\/wp\/v2\/users\/1"}],"replies":[{"embeddable":true,"href":"https:\/\/www.gy-solutions.com\/en\/wp-json\/wp\/v2\/comments?post=695"}],"version-history":[{"count":3,"href":"https:\/\/www.gy-solutions.com\/en\/wp-json\/wp\/v2\/pages\/695\/revisions"}],"predecessor-version":[{"id":710,"href":"https:\/\/www.gy-solutions.com\/en\/wp-json\/wp\/v2\/pages\/695\/revisions\/710"}],"wp:attachment":[{"href":"https:\/\/www.gy-solutions.com\/en\/wp-json\/wp\/v2\/media?parent=695"}],"curies":[{"name":"wp","href":"https:\/\/api.w.org\/{rel}","templated":true}]}}